{"id":7,"date":"2021-04-20T10:34:19","date_gmt":"2021-04-20T08:34:19","guid":{"rendered":"http:\/\/www.avioninternational.com\/pl\/home\/"},"modified":"2024-05-07T12:12:08","modified_gmt":"2024-05-07T10:12:08","slug":"home","status":"publish","type":"page","link":"https:\/\/www.avioninternational.com\/pl\/","title":{"rendered":"Home"},"content":{"rendered":"","protected":false},"excerpt":{"rendered":"","protected":false},"author":1,"featured_media":0,"parent":0,"menu_order":-1,"comment_status":"closed","ping_status":"closed","template":"template-home.php","meta":[],"yoast_head":"<!-- This site is optimized with the Yoast SEO plugin v16.3 - https:\/\/yoast.com\/wordpress\/plugins\/seo\/ -->\n<title>Mi\u0119dzynarodowa Spedycja Towar\u00f3w | Us\u0142ugi celne | Avion<\/title>\n<meta name=\"description\" content=\"Avion to firma zajmuj\u0105ca si\u0119 spedycj\u0105 mi\u0119dzynarodow\u0105, a tak\u017ce kompleksowym doradztwem celnym.\" \/>\n<meta name=\"robots\" content=\"index, follow, max-snippet:-1, max-image-preview:large, max-video-preview:-1\" \/>\n<link rel=\"canonical\" href=\"https:\/\/www.avioninternational.com\/pl\/\" \/>\n<meta property=\"og:locale\" content=\"pl_PL\" \/>\n<meta property=\"og:type\" content=\"article\" \/>\n<meta property=\"og:title\" content=\"Mi\u0119dzynarodowa Spedycja Towar\u00f3w | Us\u0142ugi celne | Avion\" \/>\n<meta property=\"og:description\" content=\"Avion to firma zajmuj\u0105ca si\u0119 spedycj\u0105 mi\u0119dzynarodow\u0105, a tak\u017ce kompleksowym doradztwem celnym.\" \/>\n<meta property=\"og:url\" content=\"https:\/\/www.avioninternational.com\/pl\/\" \/>\n<meta property=\"og:site_name\" content=\"Avion pl\" \/>\n<meta property=\"article:modified_time\" content=\"2024-05-07T10:12:08+00:00\" \/>\n<meta name=\"twitter:card\" content=\"summary_large_image\" \/>\n<script type=\"application\/ld+json\" class=\"yoast-schema-graph\">{\"@context\":\"https:\/\/schema.org\",\"@graph\":[{\"@type\":\"Organization\",\"@id\":\"https:\/\/www.avioninternational.com\/pl\/#organization\",\"name\":\"Avion Company\",\"url\":\"https:\/\/www.avioninternational.com\/pl\/\",\"sameAs\":[],\"logo\":{\"@type\":\"ImageObject\",\"@id\":\"https:\/\/www.avioninternational.com\/pl\/#logo\",\"inLanguage\":\"pl-PL\",\"url\":\"https:\/\/www.avioninternational.com\/pl\/wp-content\/uploads\/sites\/5\/android-icon-192x192-1.png\",\"contentUrl\":\"https:\/\/www.avioninternational.com\/pl\/wp-content\/uploads\/sites\/5\/android-icon-192x192-1.png\",\"width\":192,\"height\":192,\"caption\":\"Avion Company\"},\"image\":{\"@id\":\"https:\/\/www.avioninternational.com\/pl\/#logo\"}},{\"@type\":\"WebSite\",\"@id\":\"https:\/\/www.avioninternational.com\/pl\/#website\",\"url\":\"https:\/\/www.avioninternational.com\/pl\/\",\"name\":\"Avion pl\",\"description\":\"International Freight Forwarder\",\"publisher\":{\"@id\":\"https:\/\/www.avioninternational.com\/pl\/#organization\"},\"potentialAction\":[{\"@type\":\"SearchAction\",\"target\":\"https:\/\/www.avioninternational.com\/pl\/?s={search_term_string}\",\"query-input\":\"required name=search_term_string\"}],\"inLanguage\":\"pl-PL\"},{\"@type\":\"WebPage\",\"@id\":\"https:\/\/www.avioninternational.com\/pl\/#webpage\",\"url\":\"https:\/\/www.avioninternational.com\/pl\/\",\"name\":\"Mi\\u0119dzynarodowa Spedycja Towar\\u00f3w | Us\\u0142ugi celne | Avion\",\"isPartOf\":{\"@id\":\"https:\/\/www.avioninternational.com\/pl\/#website\"},\"datePublished\":\"2021-04-20T08:34:19+00:00\",\"dateModified\":\"2024-05-07T10:12:08+00:00\",\"description\":\"Avion to firma zajmuj\\u0105ca si\\u0119 spedycj\\u0105 mi\\u0119dzynarodow\\u0105, a tak\\u017ce kompleksowym doradztwem celnym.\",\"breadcrumb\":{\"@id\":\"https:\/\/www.avioninternational.com\/pl\/#breadcrumb\"},\"inLanguage\":\"pl-PL\",\"potentialAction\":[{\"@type\":\"ReadAction\",\"target\":[\"https:\/\/www.avioninternational.com\/pl\/\"]}]},{\"@type\":\"BreadcrumbList\",\"@id\":\"https:\/\/www.avioninternational.com\/pl\/#breadcrumb\",\"itemListElement\":[{\"@type\":\"ListItem\",\"position\":1,\"item\":{\"@type\":\"WebPage\",\"@id\":\"https:\/\/www.avioninternational.com\/pl\/\",\"url\":\"https:\/\/www.avioninternational.com\/pl\/\",\"name\":\"Home\"}},{\"@type\":\"ListItem\",\"position\":2,\"item\":{\"@id\":\"https:\/\/www.avioninternational.com\/pl\/#webpage\"}}]}]}<\/script>\n<!-- \/ Yoast SEO plugin. -->","_links":{"self":[{"href":"https:\/\/www.avioninternational.com\/pl\/wp-json\/wp\/v2\/pages\/7"}],"collection":[{"href":"https:\/\/www.avioninternational.com\/pl\/wp-json\/wp\/v2\/pages"}],"about":[{"href":"https:\/\/www.avioninternational.com\/pl\/wp-json\/wp\/v2\/types\/page"}],"author":[{"embeddable":true,"href":"https:\/\/www.avioninternational.com\/pl\/wp-json\/wp\/v2\/users\/1"}],"replies":[{"embeddable":true,"href":"https:\/\/www.avioninternational.com\/pl\/wp-json\/wp\/v2\/comments?post=7"}],"version-history":[{"count":37,"href":"https:\/\/www.avioninternational.com\/pl\/wp-json\/wp\/v2\/pages\/7\/revisions"}],"predecessor-version":[{"id":1720,"href":"https:\/\/www.avioninternational.com\/pl\/wp-json\/wp\/v2\/pages\/7\/revisions\/1720"}],"wp:attachment":[{"href":"https:\/\/www.avioninternational.com\/pl\/wp-json\/wp\/v2\/media?parent=7"}],"curies":[{"name":"wp","href":"https:\/\/api.w.org\/{rel}","templated":true}]}}