{"id":5,"date":"2021-04-20T10:34:19","date_gmt":"2021-04-20T08:34:19","guid":{"rendered":"http:\/\/www.avioninternational.com\/pl\/contatti\/"},"modified":"2024-09-19T11:42:44","modified_gmt":"2024-09-19T09:42:44","slug":"kontakt","status":"publish","type":"page","link":"https:\/\/www.avioninternational.com\/pl\/kontakt\/","title":{"rendered":"Kontakt"},"content":{"rendered":"","protected":false},"excerpt":{"rendered":"","protected":false},"author":1,"featured_media":0,"parent":0,"menu_order":0,"comment_status":"closed","ping_status":"closed","template":"template-contatti.php","meta":[],"yoast_head":"<!-- This site is optimized with the Yoast SEO plugin v16.3 - https:\/\/yoast.com\/wordpress\/plugins\/seo\/ -->\n<title>Kontakt | Avion<\/title>\n<meta name=\"description\" content=\"Skontaktuj si\u0119 z nami, w celu uzyskania wyceny us\u0142ugi lub zasi\u0119gni\u0119cia porady celnej.\" \/>\n<meta name=\"robots\" content=\"index, follow, max-snippet:-1, max-image-preview:large, max-video-preview:-1\" \/>\n<link rel=\"canonical\" href=\"https:\/\/www.avioninternational.com\/pl\/kontakt\/\" \/>\n<meta property=\"og:locale\" content=\"pl_PL\" \/>\n<meta property=\"og:type\" content=\"article\" \/>\n<meta property=\"og:title\" content=\"Kontakt | Avion\" \/>\n<meta property=\"og:description\" content=\"Skontaktuj si\u0119 z nami, w celu uzyskania wyceny us\u0142ugi lub zasi\u0119gni\u0119cia porady celnej.\" \/>\n<meta property=\"og:url\" content=\"https:\/\/www.avioninternational.com\/pl\/kontakt\/\" \/>\n<meta property=\"og:site_name\" content=\"Avion pl\" \/>\n<meta property=\"article:modified_time\" content=\"2024-09-19T09:42:44+00:00\" \/>\n<meta name=\"twitter:card\" content=\"summary_large_image\" \/>\n<script type=\"application\/ld+json\" class=\"yoast-schema-graph\">{\"@context\":\"https:\/\/schema.org\",\"@graph\":[{\"@type\":\"Organization\",\"@id\":\"https:\/\/www.avioninternational.com\/pl\/#organization\",\"name\":\"Avion Company\",\"url\":\"https:\/\/www.avioninternational.com\/pl\/\",\"sameAs\":[],\"logo\":{\"@type\":\"ImageObject\",\"@id\":\"https:\/\/www.avioninternational.com\/pl\/#logo\",\"inLanguage\":\"pl-PL\",\"url\":\"https:\/\/www.avioninternational.com\/pl\/wp-content\/uploads\/sites\/5\/android-icon-192x192-1.png\",\"contentUrl\":\"https:\/\/www.avioninternational.com\/pl\/wp-content\/uploads\/sites\/5\/android-icon-192x192-1.png\",\"width\":192,\"height\":192,\"caption\":\"Avion Company\"},\"image\":{\"@id\":\"https:\/\/www.avioninternational.com\/pl\/#logo\"}},{\"@type\":\"WebSite\",\"@id\":\"https:\/\/www.avioninternational.com\/pl\/#website\",\"url\":\"https:\/\/www.avioninternational.com\/pl\/\",\"name\":\"Avion pl\",\"description\":\"International Freight Forwarder\",\"publisher\":{\"@id\":\"https:\/\/www.avioninternational.com\/pl\/#organization\"},\"potentialAction\":[{\"@type\":\"SearchAction\",\"target\":\"https:\/\/www.avioninternational.com\/pl\/?s={search_term_string}\",\"query-input\":\"required name=search_term_string\"}],\"inLanguage\":\"pl-PL\"},{\"@type\":\"WebPage\",\"@id\":\"https:\/\/www.avioninternational.com\/pl\/kontakt\/#webpage\",\"url\":\"https:\/\/www.avioninternational.com\/pl\/kontakt\/\",\"name\":\"Kontakt | Avion\",\"isPartOf\":{\"@id\":\"https:\/\/www.avioninternational.com\/pl\/#website\"},\"datePublished\":\"2021-04-20T08:34:19+00:00\",\"dateModified\":\"2024-09-19T09:42:44+00:00\",\"description\":\"Skontaktuj si\\u0119 z nami, w celu uzyskania wyceny us\\u0142ugi lub zasi\\u0119gni\\u0119cia porady celnej.\",\"breadcrumb\":{\"@id\":\"https:\/\/www.avioninternational.com\/pl\/kontakt\/#breadcrumb\"},\"inLanguage\":\"pl-PL\",\"potentialAction\":[{\"@type\":\"ReadAction\",\"target\":[\"https:\/\/www.avioninternational.com\/pl\/kontakt\/\"]}]},{\"@type\":\"BreadcrumbList\",\"@id\":\"https:\/\/www.avioninternational.com\/pl\/kontakt\/#breadcrumb\",\"itemListElement\":[{\"@type\":\"ListItem\",\"position\":1,\"item\":{\"@type\":\"WebPage\",\"@id\":\"https:\/\/www.avioninternational.com\/pl\/\",\"url\":\"https:\/\/www.avioninternational.com\/pl\/\",\"name\":\"Home\"}},{\"@type\":\"ListItem\",\"position\":2,\"item\":{\"@id\":\"https:\/\/www.avioninternational.com\/pl\/kontakt\/#webpage\"}}]}]}<\/script>\n<!-- \/ Yoast SEO plugin. -->","_links":{"self":[{"href":"https:\/\/www.avioninternational.com\/pl\/wp-json\/wp\/v2\/pages\/5"}],"collection":[{"href":"https:\/\/www.avioninternational.com\/pl\/wp-json\/wp\/v2\/pages"}],"about":[{"href":"https:\/\/www.avioninternational.com\/pl\/wp-json\/wp\/v2\/types\/page"}],"author":[{"embeddable":true,"href":"https:\/\/www.avioninternational.com\/pl\/wp-json\/wp\/v2\/users\/1"}],"replies":[{"embeddable":true,"href":"https:\/\/www.avioninternational.com\/pl\/wp-json\/wp\/v2\/comments?post=5"}],"version-history":[{"count":17,"href":"https:\/\/www.avioninternational.com\/pl\/wp-json\/wp\/v2\/pages\/5\/revisions"}],"predecessor-version":[{"id":1785,"href":"https:\/\/www.avioninternational.com\/pl\/wp-json\/wp\/v2\/pages\/5\/revisions\/1785"}],"wp:attachment":[{"href":"https:\/\/www.avioninternational.com\/pl\/wp-json\/wp\/v2\/media?parent=5"}],"curies":[{"name":"wp","href":"https:\/\/api.w.org\/{rel}","templated":true}]}}