{"id":49,"date":"2021-04-20T11:50:11","date_gmt":"2021-04-20T09:50:11","guid":{"rendered":"http:\/\/www.avioninternational.com\/pl\/?page_id=49"},"modified":"2021-10-07T11:59:52","modified_gmt":"2021-10-07T09:59:52","slug":"pracuj-z-nami-w-wloskiej-firmie-spedycyjnej","status":"publish","type":"page","link":"https:\/\/www.avioninternational.com\/pl\/kontakt\/pracuj-z-nami-w-wloskiej-firmie-spedycyjnej\/","title":{"rendered":"Pracuj z nami"},"content":{"rendered":"","protected":false},"excerpt":{"rendered":"","protected":false},"author":1,"featured_media":0,"parent":5,"menu_order":0,"comment_status":"closed","ping_status":"closed","template":"template-lavora-con-noi.php","meta":[],"yoast_head":"<!-- This site is optimized with the Yoast SEO plugin v16.3 - https:\/\/yoast.com\/wordpress\/plugins\/seo\/ -->\n<title>Pracuj z nami | Avion<\/title>\n<meta name=\"description\" content=\"Daj si\u0119 pozna\u0107. Prze\u015blij nam swoj\u0105 aplikacj\u0119, je\u015bli chcia\u0142by\u015b do\u0142\u0105czy\u0107 do zgranego i ambitnego zespo\u0142u, a jednocze\u015bnie pracowa\u0107 w jednym z najlepszych przedsi\u0119biorstw \u015bwiadcz\u0105cych mi\u0119dzynarodowe us\u0142ugi logistyczne.\" \/>\n<meta name=\"robots\" content=\"noindex, nofollow\" \/>\n<meta property=\"og:locale\" content=\"pl_PL\" \/>\n<meta property=\"og:type\" content=\"article\" \/>\n<meta property=\"og:title\" content=\"Pracuj z nami | Avion\" \/>\n<meta property=\"og:description\" content=\"Daj si\u0119 pozna\u0107. Prze\u015blij nam swoj\u0105 aplikacj\u0119, je\u015bli chcia\u0142by\u015b do\u0142\u0105czy\u0107 do zgranego i ambitnego zespo\u0142u, a jednocze\u015bnie pracowa\u0107 w jednym z najlepszych przedsi\u0119biorstw \u015bwiadcz\u0105cych mi\u0119dzynarodowe us\u0142ugi logistyczne.\" \/>\n<meta property=\"og:url\" content=\"https:\/\/www.avioninternational.com\/pl\/kontakt\/pracuj-z-nami-w-wloskiej-firmie-spedycyjnej\/\" \/>\n<meta property=\"og:site_name\" content=\"Avion pl\" \/>\n<meta property=\"article:modified_time\" content=\"2021-10-07T09:59:52+00:00\" \/>\n<meta name=\"twitter:card\" content=\"summary_large_image\" \/>\n<script type=\"application\/ld+json\" class=\"yoast-schema-graph\">{\"@context\":\"https:\/\/schema.org\",\"@graph\":[{\"@type\":\"Organization\",\"@id\":\"https:\/\/www.avioninternational.com\/pl\/#organization\",\"name\":\"Avion Company\",\"url\":\"https:\/\/www.avioninternational.com\/pl\/\",\"sameAs\":[],\"logo\":{\"@type\":\"ImageObject\",\"@id\":\"https:\/\/www.avioninternational.com\/pl\/#logo\",\"inLanguage\":\"pl-PL\",\"url\":\"https:\/\/www.avioninternational.com\/pl\/wp-content\/uploads\/sites\/5\/android-icon-192x192-1.png\",\"contentUrl\":\"https:\/\/www.avioninternational.com\/pl\/wp-content\/uploads\/sites\/5\/android-icon-192x192-1.png\",\"width\":192,\"height\":192,\"caption\":\"Avion Company\"},\"image\":{\"@id\":\"https:\/\/www.avioninternational.com\/pl\/#logo\"}},{\"@type\":\"WebSite\",\"@id\":\"https:\/\/www.avioninternational.com\/pl\/#website\",\"url\":\"https:\/\/www.avioninternational.com\/pl\/\",\"name\":\"Avion pl\",\"description\":\"International Freight Forwarder\",\"publisher\":{\"@id\":\"https:\/\/www.avioninternational.com\/pl\/#organization\"},\"potentialAction\":[{\"@type\":\"SearchAction\",\"target\":\"https:\/\/www.avioninternational.com\/pl\/?s={search_term_string}\",\"query-input\":\"required name=search_term_string\"}],\"inLanguage\":\"pl-PL\"},{\"@type\":\"WebPage\",\"@id\":\"https:\/\/www.avioninternational.com\/pl\/kontakt\/pracuj-z-nami-w-wloskiej-firmie-spedycyjnej\/#webpage\",\"url\":\"https:\/\/www.avioninternational.com\/pl\/kontakt\/pracuj-z-nami-w-wloskiej-firmie-spedycyjnej\/\",\"name\":\"Pracuj z nami | Avion\",\"isPartOf\":{\"@id\":\"https:\/\/www.avioninternational.com\/pl\/#website\"},\"datePublished\":\"2021-04-20T09:50:11+00:00\",\"dateModified\":\"2021-10-07T09:59:52+00:00\",\"description\":\"Daj si\\u0119 pozna\\u0107. Prze\\u015blij nam swoj\\u0105 aplikacj\\u0119, je\\u015bli chcia\\u0142by\\u015b do\\u0142\\u0105czy\\u0107 do zgranego i ambitnego zespo\\u0142u, a jednocze\\u015bnie pracowa\\u0107 w jednym z najlepszych przedsi\\u0119biorstw \\u015bwiadcz\\u0105cych mi\\u0119dzynarodowe us\\u0142ugi logistyczne.\",\"breadcrumb\":{\"@id\":\"https:\/\/www.avioninternational.com\/pl\/kontakt\/pracuj-z-nami-w-wloskiej-firmie-spedycyjnej\/#breadcrumb\"},\"inLanguage\":\"pl-PL\",\"potentialAction\":[{\"@type\":\"ReadAction\",\"target\":[\"https:\/\/www.avioninternational.com\/pl\/kontakt\/pracuj-z-nami-w-wloskiej-firmie-spedycyjnej\/\"]}]},{\"@type\":\"BreadcrumbList\",\"@id\":\"https:\/\/www.avioninternational.com\/pl\/kontakt\/pracuj-z-nami-w-wloskiej-firmie-spedycyjnej\/#breadcrumb\",\"itemListElement\":[{\"@type\":\"ListItem\",\"position\":1,\"item\":{\"@type\":\"WebPage\",\"@id\":\"https:\/\/www.avioninternational.com\/pl\/\",\"url\":\"https:\/\/www.avioninternational.com\/pl\/\",\"name\":\"Home\"}},{\"@type\":\"ListItem\",\"position\":2,\"item\":{\"@type\":\"WebPage\",\"@id\":\"https:\/\/www.avioninternational.com\/pl\/kontakt\/\",\"url\":\"https:\/\/www.avioninternational.com\/pl\/kontakt\/\",\"name\":\"Kontakt\"}},{\"@type\":\"ListItem\",\"position\":3,\"item\":{\"@id\":\"https:\/\/www.avioninternational.com\/pl\/kontakt\/pracuj-z-nami-w-wloskiej-firmie-spedycyjnej\/#webpage\"}}]}]}<\/script>\n<!-- \/ Yoast SEO plugin. -->","_links":{"self":[{"href":"https:\/\/www.avioninternational.com\/pl\/wp-json\/wp\/v2\/pages\/49"}],"collection":[{"href":"https:\/\/www.avioninternational.com\/pl\/wp-json\/wp\/v2\/pages"}],"about":[{"href":"https:\/\/www.avioninternational.com\/pl\/wp-json\/wp\/v2\/types\/page"}],"author":[{"embeddable":true,"href":"https:\/\/www.avioninternational.com\/pl\/wp-json\/wp\/v2\/users\/1"}],"replies":[{"embeddable":true,"href":"https:\/\/www.avioninternational.com\/pl\/wp-json\/wp\/v2\/comments?post=49"}],"version-history":[{"count":10,"href":"https:\/\/www.avioninternational.com\/pl\/wp-json\/wp\/v2\/pages\/49\/revisions"}],"predecessor-version":[{"id":1172,"href":"https:\/\/www.avioninternational.com\/pl\/wp-json\/wp\/v2\/pages\/49\/revisions\/1172"}],"up":[{"embeddable":true,"href":"https:\/\/www.avioninternational.com\/pl\/wp-json\/wp\/v2\/pages\/5"}],"wp:attachment":[{"href":"https:\/\/www.avioninternational.com\/pl\/wp-json\/wp\/v2\/media?parent=49"}],"curies":[{"name":"wp","href":"https:\/\/api.w.org\/{rel}","templated":true}]}}