{"id":45,"date":"2021-04-20T11:28:11","date_gmt":"2021-04-20T09:28:11","guid":{"rendered":"http:\/\/www.avioninternational.com\/pl\/?page_id=45"},"modified":"2022-10-20T14:47:34","modified_gmt":"2022-10-20T12:47:34","slug":"wycena-spedycji-miedzynarodowych","status":"publish","type":"page","link":"https:\/\/www.avioninternational.com\/pl\/wycena-spedycji-miedzynarodowych\/","title":{"rendered":"Quotations"},"content":{"rendered":"","protected":false},"excerpt":{"rendered":"","protected":false},"author":1,"featured_media":0,"parent":0,"menu_order":0,"comment_status":"closed","ping_status":"closed","template":"template-preventivo-step.php","meta":[],"yoast_head":"<!-- This site is optimized with the Yoast SEO plugin v16.3 - https:\/\/yoast.com\/wordpress\/plugins\/seo\/ -->\n<title>Wycena | Spedycja krajowa i mi\u0119dzynarodowa | Avion<\/title>\n<meta name=\"description\" content=\"Popro\u015b o wycen\u0119 us\u0142ugi mi\u0119dzynarodowej lub krajowej. Wybierz najlepszego dostawc\u0119 us\u0142ug logistycznych na rynku i zaufaj profesjonalistom.\" \/>\n<meta name=\"robots\" content=\"noindex, nofollow\" \/>\n<meta property=\"og:locale\" content=\"pl_PL\" \/>\n<meta property=\"og:type\" content=\"article\" \/>\n<meta property=\"og:title\" content=\"Wycena | Spedycja krajowa i mi\u0119dzynarodowa | Avion\" \/>\n<meta property=\"og:description\" content=\"Popro\u015b o wycen\u0119 us\u0142ugi mi\u0119dzynarodowej lub krajowej. Wybierz najlepszego dostawc\u0119 us\u0142ug logistycznych na rynku i zaufaj profesjonalistom.\" \/>\n<meta property=\"og:url\" content=\"https:\/\/www.avioninternational.com\/pl\/wycena-spedycji-miedzynarodowych\/\" \/>\n<meta property=\"og:site_name\" content=\"Avion pl\" \/>\n<meta property=\"article:modified_time\" content=\"2022-10-20T12:47:34+00:00\" \/>\n<meta name=\"twitter:card\" content=\"summary_large_image\" \/>\n<script type=\"application\/ld+json\" class=\"yoast-schema-graph\">{\"@context\":\"https:\/\/schema.org\",\"@graph\":[{\"@type\":\"Organization\",\"@id\":\"https:\/\/www.avioninternational.com\/pl\/#organization\",\"name\":\"Avion Company\",\"url\":\"https:\/\/www.avioninternational.com\/pl\/\",\"sameAs\":[],\"logo\":{\"@type\":\"ImageObject\",\"@id\":\"https:\/\/www.avioninternational.com\/pl\/#logo\",\"inLanguage\":\"pl-PL\",\"url\":\"https:\/\/www.avioninternational.com\/pl\/wp-content\/uploads\/sites\/5\/android-icon-192x192-1.png\",\"contentUrl\":\"https:\/\/www.avioninternational.com\/pl\/wp-content\/uploads\/sites\/5\/android-icon-192x192-1.png\",\"width\":192,\"height\":192,\"caption\":\"Avion Company\"},\"image\":{\"@id\":\"https:\/\/www.avioninternational.com\/pl\/#logo\"}},{\"@type\":\"WebSite\",\"@id\":\"https:\/\/www.avioninternational.com\/pl\/#website\",\"url\":\"https:\/\/www.avioninternational.com\/pl\/\",\"name\":\"Avion pl\",\"description\":\"International Freight Forwarder\",\"publisher\":{\"@id\":\"https:\/\/www.avioninternational.com\/pl\/#organization\"},\"potentialAction\":[{\"@type\":\"SearchAction\",\"target\":\"https:\/\/www.avioninternational.com\/pl\/?s={search_term_string}\",\"query-input\":\"required name=search_term_string\"}],\"inLanguage\":\"pl-PL\"},{\"@type\":\"WebPage\",\"@id\":\"https:\/\/www.avioninternational.com\/pl\/wycena-spedycji-miedzynarodowych\/#webpage\",\"url\":\"https:\/\/www.avioninternational.com\/pl\/wycena-spedycji-miedzynarodowych\/\",\"name\":\"Wycena | Spedycja krajowa i mi\\u0119dzynarodowa | Avion\",\"isPartOf\":{\"@id\":\"https:\/\/www.avioninternational.com\/pl\/#website\"},\"datePublished\":\"2021-04-20T09:28:11+00:00\",\"dateModified\":\"2022-10-20T12:47:34+00:00\",\"description\":\"Popro\\u015b o wycen\\u0119 us\\u0142ugi mi\\u0119dzynarodowej lub krajowej. Wybierz najlepszego dostawc\\u0119 us\\u0142ug logistycznych na rynku i zaufaj profesjonalistom.\",\"breadcrumb\":{\"@id\":\"https:\/\/www.avioninternational.com\/pl\/wycena-spedycji-miedzynarodowych\/#breadcrumb\"},\"inLanguage\":\"pl-PL\",\"potentialAction\":[{\"@type\":\"ReadAction\",\"target\":[\"https:\/\/www.avioninternational.com\/pl\/wycena-spedycji-miedzynarodowych\/\"]}]},{\"@type\":\"BreadcrumbList\",\"@id\":\"https:\/\/www.avioninternational.com\/pl\/wycena-spedycji-miedzynarodowych\/#breadcrumb\",\"itemListElement\":[{\"@type\":\"ListItem\",\"position\":1,\"item\":{\"@type\":\"WebPage\",\"@id\":\"https:\/\/www.avioninternational.com\/pl\/\",\"url\":\"https:\/\/www.avioninternational.com\/pl\/\",\"name\":\"Home\"}},{\"@type\":\"ListItem\",\"position\":2,\"item\":{\"@id\":\"https:\/\/www.avioninternational.com\/pl\/wycena-spedycji-miedzynarodowych\/#webpage\"}}]}]}<\/script>\n<!-- \/ Yoast SEO plugin. -->","_links":{"self":[{"href":"https:\/\/www.avioninternational.com\/pl\/wp-json\/wp\/v2\/pages\/45"}],"collection":[{"href":"https:\/\/www.avioninternational.com\/pl\/wp-json\/wp\/v2\/pages"}],"about":[{"href":"https:\/\/www.avioninternational.com\/pl\/wp-json\/wp\/v2\/types\/page"}],"author":[{"embeddable":true,"href":"https:\/\/www.avioninternational.com\/pl\/wp-json\/wp\/v2\/users\/1"}],"replies":[{"embeddable":true,"href":"https:\/\/www.avioninternational.com\/pl\/wp-json\/wp\/v2\/comments?post=45"}],"version-history":[{"count":4,"href":"https:\/\/www.avioninternational.com\/pl\/wp-json\/wp\/v2\/pages\/45\/revisions"}],"predecessor-version":[{"id":1115,"href":"https:\/\/www.avioninternational.com\/pl\/wp-json\/wp\/v2\/pages\/45\/revisions\/1115"}],"wp:attachment":[{"href":"https:\/\/www.avioninternational.com\/pl\/wp-json\/wp\/v2\/media?parent=45"}],"curies":[{"name":"wp","href":"https:\/\/api.w.org\/{rel}","templated":true}]}}