{"id":41,"date":"2021-04-20T11:25:56","date_gmt":"2021-04-20T09:25:56","guid":{"rendered":"http:\/\/www.avioninternational.com\/pl\/?page_id=41"},"modified":"2023-10-02T11:48:23","modified_gmt":"2023-10-02T09:48:23","slug":"cyfrowe-uslugi-spedycyjne","status":"publish","type":"page","link":"https:\/\/www.avioninternational.com\/pl\/cyfrowe-uslugi-spedycyjne\/","title":{"rendered":"Innowacje"},"content":{"rendered":"","protected":false},"excerpt":{"rendered":"","protected":false},"author":1,"featured_media":0,"parent":0,"menu_order":0,"comment_status":"closed","ping_status":"closed","template":"template-digital-tools.php","meta":[],"yoast_head":"<!-- This site is optimized with the Yoast SEO plugin v16.3 - https:\/\/yoast.com\/wordpress\/plugins\/seo\/ -->\n<title>Cyfrowy serwis spedycyjny | Oprogramowanie dla spedycji | Avion<\/title>\n<meta name=\"description\" content=\"W firmie Avion powstaj\u0105 rozwi\u0105zania technologiczne przyspieszaj\u0105ce komunikacj\u0119 pomi\u0119dzy dzia\u0142ami firmy, optymalizuj\u0105ce komunikacj\u0119 z klientami.\" \/>\n<meta name=\"robots\" content=\"index, follow, max-snippet:-1, max-image-preview:large, max-video-preview:-1\" \/>\n<link rel=\"canonical\" href=\"https:\/\/www.avioninternational.com\/pl\/cyfrowe-uslugi-spedycyjne\/\" \/>\n<meta property=\"og:locale\" content=\"pl_PL\" \/>\n<meta property=\"og:type\" content=\"article\" \/>\n<meta property=\"og:title\" content=\"Cyfrowy serwis spedycyjny | Oprogramowanie dla spedycji | Avion\" \/>\n<meta property=\"og:description\" content=\"W firmie Avion powstaj\u0105 rozwi\u0105zania technologiczne przyspieszaj\u0105ce komunikacj\u0119 pomi\u0119dzy dzia\u0142ami firmy, optymalizuj\u0105ce komunikacj\u0119 z klientami.\" \/>\n<meta property=\"og:url\" content=\"https:\/\/www.avioninternational.com\/pl\/cyfrowe-uslugi-spedycyjne\/\" \/>\n<meta property=\"og:site_name\" content=\"Avion pl\" \/>\n<meta property=\"article:modified_time\" content=\"2023-10-02T09:48:23+00:00\" \/>\n<meta name=\"twitter:card\" content=\"summary_large_image\" \/>\n<script type=\"application\/ld+json\" class=\"yoast-schema-graph\">{\"@context\":\"https:\/\/schema.org\",\"@graph\":[{\"@type\":\"Organization\",\"@id\":\"https:\/\/www.avioninternational.com\/pl\/#organization\",\"name\":\"Avion Company\",\"url\":\"https:\/\/www.avioninternational.com\/pl\/\",\"sameAs\":[],\"logo\":{\"@type\":\"ImageObject\",\"@id\":\"https:\/\/www.avioninternational.com\/pl\/#logo\",\"inLanguage\":\"pl-PL\",\"url\":\"https:\/\/www.avioninternational.com\/pl\/wp-content\/uploads\/sites\/5\/android-icon-192x192-1.png\",\"contentUrl\":\"https:\/\/www.avioninternational.com\/pl\/wp-content\/uploads\/sites\/5\/android-icon-192x192-1.png\",\"width\":192,\"height\":192,\"caption\":\"Avion Company\"},\"image\":{\"@id\":\"https:\/\/www.avioninternational.com\/pl\/#logo\"}},{\"@type\":\"WebSite\",\"@id\":\"https:\/\/www.avioninternational.com\/pl\/#website\",\"url\":\"https:\/\/www.avioninternational.com\/pl\/\",\"name\":\"Avion pl\",\"description\":\"International Freight Forwarder\",\"publisher\":{\"@id\":\"https:\/\/www.avioninternational.com\/pl\/#organization\"},\"potentialAction\":[{\"@type\":\"SearchAction\",\"target\":\"https:\/\/www.avioninternational.com\/pl\/?s={search_term_string}\",\"query-input\":\"required name=search_term_string\"}],\"inLanguage\":\"pl-PL\"},{\"@type\":\"WebPage\",\"@id\":\"https:\/\/www.avioninternational.com\/pl\/cyfrowe-uslugi-spedycyjne\/#webpage\",\"url\":\"https:\/\/www.avioninternational.com\/pl\/cyfrowe-uslugi-spedycyjne\/\",\"name\":\"Cyfrowy serwis spedycyjny | Oprogramowanie dla spedycji | Avion\",\"isPartOf\":{\"@id\":\"https:\/\/www.avioninternational.com\/pl\/#website\"},\"datePublished\":\"2021-04-20T09:25:56+00:00\",\"dateModified\":\"2023-10-02T09:48:23+00:00\",\"description\":\"W firmie Avion powstaj\\u0105 rozwi\\u0105zania technologiczne przyspieszaj\\u0105ce komunikacj\\u0119 pomi\\u0119dzy dzia\\u0142ami firmy, optymalizuj\\u0105ce komunikacj\\u0119 z klientami.\",\"breadcrumb\":{\"@id\":\"https:\/\/www.avioninternational.com\/pl\/cyfrowe-uslugi-spedycyjne\/#breadcrumb\"},\"inLanguage\":\"pl-PL\",\"potentialAction\":[{\"@type\":\"ReadAction\",\"target\":[\"https:\/\/www.avioninternational.com\/pl\/cyfrowe-uslugi-spedycyjne\/\"]}]},{\"@type\":\"BreadcrumbList\",\"@id\":\"https:\/\/www.avioninternational.com\/pl\/cyfrowe-uslugi-spedycyjne\/#breadcrumb\",\"itemListElement\":[{\"@type\":\"ListItem\",\"position\":1,\"item\":{\"@type\":\"WebPage\",\"@id\":\"https:\/\/www.avioninternational.com\/pl\/\",\"url\":\"https:\/\/www.avioninternational.com\/pl\/\",\"name\":\"Home\"}},{\"@type\":\"ListItem\",\"position\":2,\"item\":{\"@id\":\"https:\/\/www.avioninternational.com\/pl\/cyfrowe-uslugi-spedycyjne\/#webpage\"}}]}]}<\/script>\n<!-- \/ Yoast SEO plugin. -->","_links":{"self":[{"href":"https:\/\/www.avioninternational.com\/pl\/wp-json\/wp\/v2\/pages\/41"}],"collection":[{"href":"https:\/\/www.avioninternational.com\/pl\/wp-json\/wp\/v2\/pages"}],"about":[{"href":"https:\/\/www.avioninternational.com\/pl\/wp-json\/wp\/v2\/types\/page"}],"author":[{"embeddable":true,"href":"https:\/\/www.avioninternational.com\/pl\/wp-json\/wp\/v2\/users\/1"}],"replies":[{"embeddable":true,"href":"https:\/\/www.avioninternational.com\/pl\/wp-json\/wp\/v2\/comments?post=41"}],"version-history":[{"count":21,"href":"https:\/\/www.avioninternational.com\/pl\/wp-json\/wp\/v2\/pages\/41\/revisions"}],"predecessor-version":[{"id":1627,"href":"https:\/\/www.avioninternational.com\/pl\/wp-json\/wp\/v2\/pages\/41\/revisions\/1627"}],"wp:attachment":[{"href":"https:\/\/www.avioninternational.com\/pl\/wp-json\/wp\/v2\/media?parent=41"}],"curies":[{"name":"wp","href":"https:\/\/api.w.org\/{rel}","templated":true}]}}