{"id":28,"date":"2021-04-20T11:26:12","date_gmt":"2021-04-20T09:26:12","guid":{"rendered":"http:\/\/www.avioninternational.com\/pl\/?page_id=28"},"modified":"2024-12-06T15:45:11","modified_gmt":"2024-12-06T14:45:11","slug":"przedsiebiorstwo-posiadajace-certyfikat-aeo-i-ceryfikat-iso-9001","status":"publish","type":"page","link":"https:\/\/www.avioninternational.com\/pl\/przedsiebiorstwo-posiadajace-certyfikat-aeo-i-ceryfikat-iso-9001\/","title":{"rendered":"Certyfikaty"},"content":{"rendered":"","protected":false},"excerpt":{"rendered":"","protected":false},"author":1,"featured_media":0,"parent":0,"menu_order":0,"comment_status":"closed","ping_status":"closed","template":"template-azienda.php","meta":[],"yoast_head":"<!-- This site is optimized with the Yoast SEO plugin v16.3 - https:\/\/yoast.com\/wordpress\/plugins\/seo\/ -->\n<title>Spedycja posiadaj\u0105ca certyfikat AEO | Spedytor mi\u0119dzynarodowy ISO 9001 | Avion<\/title>\n<meta name=\"description\" content=\"Avion posiada kilka certyfikat\u00f3w jako spedytor mi\u0119dzynarodowy, w tym AEO Certification i ISO 9001:2015 dla jako\u015bci zarz\u0105dzania.\" \/>\n<meta name=\"robots\" content=\"index, follow, max-snippet:-1, max-image-preview:large, max-video-preview:-1\" \/>\n<link rel=\"canonical\" href=\"https:\/\/www.avioninternational.com\/pl\/przedsiebiorstwo-posiadajace-certyfikat-aeo-i-ceryfikat-iso-9001\/\" \/>\n<meta property=\"og:locale\" content=\"pl_PL\" \/>\n<meta property=\"og:type\" content=\"article\" \/>\n<meta property=\"og:title\" content=\"Spedycja posiadaj\u0105ca certyfikat AEO | Spedytor mi\u0119dzynarodowy ISO 9001 | Avion\" \/>\n<meta property=\"og:description\" content=\"Avion posiada kilka certyfikat\u00f3w jako spedytor mi\u0119dzynarodowy, w tym AEO Certification i ISO 9001:2015 dla jako\u015bci zarz\u0105dzania.\" \/>\n<meta property=\"og:url\" content=\"https:\/\/www.avioninternational.com\/pl\/przedsiebiorstwo-posiadajace-certyfikat-aeo-i-ceryfikat-iso-9001\/\" \/>\n<meta property=\"og:site_name\" content=\"Avion pl\" \/>\n<meta property=\"article:modified_time\" content=\"2024-12-06T14:45:11+00:00\" \/>\n<meta name=\"twitter:card\" content=\"summary_large_image\" \/>\n<script type=\"application\/ld+json\" class=\"yoast-schema-graph\">{\"@context\":\"https:\/\/schema.org\",\"@graph\":[{\"@type\":\"Organization\",\"@id\":\"https:\/\/www.avioninternational.com\/pl\/#organization\",\"name\":\"Avion Company\",\"url\":\"https:\/\/www.avioninternational.com\/pl\/\",\"sameAs\":[],\"logo\":{\"@type\":\"ImageObject\",\"@id\":\"https:\/\/www.avioninternational.com\/pl\/#logo\",\"inLanguage\":\"pl-PL\",\"url\":\"https:\/\/www.avioninternational.com\/pl\/wp-content\/uploads\/sites\/5\/android-icon-192x192-1.png\",\"contentUrl\":\"https:\/\/www.avioninternational.com\/pl\/wp-content\/uploads\/sites\/5\/android-icon-192x192-1.png\",\"width\":192,\"height\":192,\"caption\":\"Avion Company\"},\"image\":{\"@id\":\"https:\/\/www.avioninternational.com\/pl\/#logo\"}},{\"@type\":\"WebSite\",\"@id\":\"https:\/\/www.avioninternational.com\/pl\/#website\",\"url\":\"https:\/\/www.avioninternational.com\/pl\/\",\"name\":\"Avion pl\",\"description\":\"International Freight Forwarder\",\"publisher\":{\"@id\":\"https:\/\/www.avioninternational.com\/pl\/#organization\"},\"potentialAction\":[{\"@type\":\"SearchAction\",\"target\":\"https:\/\/www.avioninternational.com\/pl\/?s={search_term_string}\",\"query-input\":\"required name=search_term_string\"}],\"inLanguage\":\"pl-PL\"},{\"@type\":\"WebPage\",\"@id\":\"https:\/\/www.avioninternational.com\/pl\/przedsiebiorstwo-posiadajace-certyfikat-aeo-i-ceryfikat-iso-9001\/#webpage\",\"url\":\"https:\/\/www.avioninternational.com\/pl\/przedsiebiorstwo-posiadajace-certyfikat-aeo-i-ceryfikat-iso-9001\/\",\"name\":\"Spedycja posiadaj\\u0105ca certyfikat AEO | Spedytor mi\\u0119dzynarodowy ISO 9001 | Avion\",\"isPartOf\":{\"@id\":\"https:\/\/www.avioninternational.com\/pl\/#website\"},\"datePublished\":\"2021-04-20T09:26:12+00:00\",\"dateModified\":\"2024-12-06T14:45:11+00:00\",\"description\":\"Avion posiada kilka certyfikat\\u00f3w jako spedytor mi\\u0119dzynarodowy, w tym AEO Certification i ISO 9001:2015 dla jako\\u015bci zarz\\u0105dzania.\",\"breadcrumb\":{\"@id\":\"https:\/\/www.avioninternational.com\/pl\/przedsiebiorstwo-posiadajace-certyfikat-aeo-i-ceryfikat-iso-9001\/#breadcrumb\"},\"inLanguage\":\"pl-PL\",\"potentialAction\":[{\"@type\":\"ReadAction\",\"target\":[\"https:\/\/www.avioninternational.com\/pl\/przedsiebiorstwo-posiadajace-certyfikat-aeo-i-ceryfikat-iso-9001\/\"]}]},{\"@type\":\"BreadcrumbList\",\"@id\":\"https:\/\/www.avioninternational.com\/pl\/przedsiebiorstwo-posiadajace-certyfikat-aeo-i-ceryfikat-iso-9001\/#breadcrumb\",\"itemListElement\":[{\"@type\":\"ListItem\",\"position\":1,\"item\":{\"@type\":\"WebPage\",\"@id\":\"https:\/\/www.avioninternational.com\/pl\/\",\"url\":\"https:\/\/www.avioninternational.com\/pl\/\",\"name\":\"Home\"}},{\"@type\":\"ListItem\",\"position\":2,\"item\":{\"@id\":\"https:\/\/www.avioninternational.com\/pl\/przedsiebiorstwo-posiadajace-certyfikat-aeo-i-ceryfikat-iso-9001\/#webpage\"}}]}]}<\/script>\n<!-- \/ Yoast SEO plugin. -->","_links":{"self":[{"href":"https:\/\/www.avioninternational.com\/pl\/wp-json\/wp\/v2\/pages\/28"}],"collection":[{"href":"https:\/\/www.avioninternational.com\/pl\/wp-json\/wp\/v2\/pages"}],"about":[{"href":"https:\/\/www.avioninternational.com\/pl\/wp-json\/wp\/v2\/types\/page"}],"author":[{"embeddable":true,"href":"https:\/\/www.avioninternational.com\/pl\/wp-json\/wp\/v2\/users\/1"}],"replies":[{"embeddable":true,"href":"https:\/\/www.avioninternational.com\/pl\/wp-json\/wp\/v2\/comments?post=28"}],"version-history":[{"count":29,"href":"https:\/\/www.avioninternational.com\/pl\/wp-json\/wp\/v2\/pages\/28\/revisions"}],"predecessor-version":[{"id":1806,"href":"https:\/\/www.avioninternational.com\/pl\/wp-json\/wp\/v2\/pages\/28\/revisions\/1806"}],"wp:attachment":[{"href":"https:\/\/www.avioninternational.com\/pl\/wp-json\/wp\/v2\/media?parent=28"}],"curies":[{"name":"wp","href":"https:\/\/api.w.org\/{rel}","templated":true}]}}