{"id":26,"date":"2021-04-20T11:26:04","date_gmt":"2021-04-20T09:26:04","guid":{"rendered":"http:\/\/www.avioninternational.com\/pl\/?page_id=26"},"modified":"2025-09-30T17:31:34","modified_gmt":"2025-09-30T15:31:34","slug":"spedycja-miedzynarodowa","status":"publish","type":"page","link":"https:\/\/www.avioninternational.com\/pl\/spedycja-miedzynarodowa\/","title":{"rendered":"Kim jeste\u015bmy"},"content":{"rendered":"","protected":false},"excerpt":{"rendered":"","protected":false},"author":1,"featured_media":0,"parent":0,"menu_order":0,"comment_status":"closed","ping_status":"closed","template":"template-azienda.php","meta":[],"yoast_head":"<!-- This site is optimized with the Yoast SEO plugin v16.3 - https:\/\/yoast.com\/wordpress\/plugins\/seo\/ -->\n<title>Mi\u0119dzynarodowa spedycja towar\u00f3w | Kim jeste\u015bmy | Avion<\/title>\n<meta name=\"description\" content=\"Jeste\u015bmy w\u0142osk\u0105 firm\u0105 dzia\u0142aj\u0105c\u0105 w sektorze spedycji mi\u0119dzynarodowej i doradztwa celnego, oferuj\u0105c\u0105 profesjonaln\u0105 obs\u0142ug\u0119 w 22 biurach we W\u0142oszech i na ca\u0142ym \u015bwiecie.\" \/>\n<meta name=\"robots\" content=\"index, follow, max-snippet:-1, max-image-preview:large, max-video-preview:-1\" \/>\n<link rel=\"canonical\" href=\"https:\/\/www.avioninternational.com\/pl\/spedycja-miedzynarodowa\/\" \/>\n<meta property=\"og:locale\" content=\"pl_PL\" \/>\n<meta property=\"og:type\" content=\"article\" \/>\n<meta property=\"og:title\" content=\"Mi\u0119dzynarodowa spedycja towar\u00f3w | Kim jeste\u015bmy | Avion\" \/>\n<meta property=\"og:description\" content=\"Jeste\u015bmy w\u0142osk\u0105 firm\u0105 dzia\u0142aj\u0105c\u0105 w sektorze spedycji mi\u0119dzynarodowej i doradztwa celnego, oferuj\u0105c\u0105 profesjonaln\u0105 obs\u0142ug\u0119 w 22 biurach we W\u0142oszech i na ca\u0142ym \u015bwiecie.\" \/>\n<meta property=\"og:url\" content=\"https:\/\/www.avioninternational.com\/pl\/spedycja-miedzynarodowa\/\" \/>\n<meta property=\"og:site_name\" content=\"Avion pl\" \/>\n<meta property=\"article:modified_time\" content=\"2025-09-30T15:31:34+00:00\" \/>\n<meta name=\"twitter:card\" content=\"summary_large_image\" \/>\n<script type=\"application\/ld+json\" class=\"yoast-schema-graph\">{\"@context\":\"https:\/\/schema.org\",\"@graph\":[{\"@type\":\"Organization\",\"@id\":\"https:\/\/www.avioninternational.com\/pl\/#organization\",\"name\":\"Avion Company\",\"url\":\"https:\/\/www.avioninternational.com\/pl\/\",\"sameAs\":[],\"logo\":{\"@type\":\"ImageObject\",\"@id\":\"https:\/\/www.avioninternational.com\/pl\/#logo\",\"inLanguage\":\"pl-PL\",\"url\":\"https:\/\/www.avioninternational.com\/pl\/wp-content\/uploads\/sites\/5\/android-icon-192x192-1.png\",\"contentUrl\":\"https:\/\/www.avioninternational.com\/pl\/wp-content\/uploads\/sites\/5\/android-icon-192x192-1.png\",\"width\":192,\"height\":192,\"caption\":\"Avion Company\"},\"image\":{\"@id\":\"https:\/\/www.avioninternational.com\/pl\/#logo\"}},{\"@type\":\"WebSite\",\"@id\":\"https:\/\/www.avioninternational.com\/pl\/#website\",\"url\":\"https:\/\/www.avioninternational.com\/pl\/\",\"name\":\"Avion pl\",\"description\":\"International Freight Forwarder\",\"publisher\":{\"@id\":\"https:\/\/www.avioninternational.com\/pl\/#organization\"},\"potentialAction\":[{\"@type\":\"SearchAction\",\"target\":\"https:\/\/www.avioninternational.com\/pl\/?s={search_term_string}\",\"query-input\":\"required name=search_term_string\"}],\"inLanguage\":\"pl-PL\"},{\"@type\":\"WebPage\",\"@id\":\"https:\/\/www.avioninternational.com\/pl\/spedycja-miedzynarodowa\/#webpage\",\"url\":\"https:\/\/www.avioninternational.com\/pl\/spedycja-miedzynarodowa\/\",\"name\":\"Mi\\u0119dzynarodowa spedycja towar\\u00f3w | Kim jeste\\u015bmy | Avion\",\"isPartOf\":{\"@id\":\"https:\/\/www.avioninternational.com\/pl\/#website\"},\"datePublished\":\"2021-04-20T09:26:04+00:00\",\"dateModified\":\"2025-09-30T15:31:34+00:00\",\"description\":\"Jeste\\u015bmy w\\u0142osk\\u0105 firm\\u0105 dzia\\u0142aj\\u0105c\\u0105 w sektorze spedycji mi\\u0119dzynarodowej i doradztwa celnego, oferuj\\u0105c\\u0105 profesjonaln\\u0105 obs\\u0142ug\\u0119 w 22 biurach we W\\u0142oszech i na ca\\u0142ym \\u015bwiecie.\",\"breadcrumb\":{\"@id\":\"https:\/\/www.avioninternational.com\/pl\/spedycja-miedzynarodowa\/#breadcrumb\"},\"inLanguage\":\"pl-PL\",\"potentialAction\":[{\"@type\":\"ReadAction\",\"target\":[\"https:\/\/www.avioninternational.com\/pl\/spedycja-miedzynarodowa\/\"]}]},{\"@type\":\"BreadcrumbList\",\"@id\":\"https:\/\/www.avioninternational.com\/pl\/spedycja-miedzynarodowa\/#breadcrumb\",\"itemListElement\":[{\"@type\":\"ListItem\",\"position\":1,\"item\":{\"@type\":\"WebPage\",\"@id\":\"https:\/\/www.avioninternational.com\/pl\/\",\"url\":\"https:\/\/www.avioninternational.com\/pl\/\",\"name\":\"Home\"}},{\"@type\":\"ListItem\",\"position\":2,\"item\":{\"@id\":\"https:\/\/www.avioninternational.com\/pl\/spedycja-miedzynarodowa\/#webpage\"}}]}]}<\/script>\n<!-- \/ Yoast SEO plugin. -->","_links":{"self":[{"href":"https:\/\/www.avioninternational.com\/pl\/wp-json\/wp\/v2\/pages\/26"}],"collection":[{"href":"https:\/\/www.avioninternational.com\/pl\/wp-json\/wp\/v2\/pages"}],"about":[{"href":"https:\/\/www.avioninternational.com\/pl\/wp-json\/wp\/v2\/types\/page"}],"author":[{"embeddable":true,"href":"https:\/\/www.avioninternational.com\/pl\/wp-json\/wp\/v2\/users\/1"}],"replies":[{"embeddable":true,"href":"https:\/\/www.avioninternational.com\/pl\/wp-json\/wp\/v2\/comments?post=26"}],"version-history":[{"count":55,"href":"https:\/\/www.avioninternational.com\/pl\/wp-json\/wp\/v2\/pages\/26\/revisions"}],"predecessor-version":[{"id":1821,"href":"https:\/\/www.avioninternational.com\/pl\/wp-json\/wp\/v2\/pages\/26\/revisions\/1821"}],"wp:attachment":[{"href":"https:\/\/www.avioninternational.com\/pl\/wp-json\/wp\/v2\/media?parent=26"}],"curies":[{"name":"wp","href":"https:\/\/api.w.org\/{rel}","templated":true}]}}